{"id":18,"date":"2026-02-14T15:39:50","date_gmt":"2026-02-14T15:39:50","guid":{"rendered":"https:\/\/materialesyconcreto.com\/mx\/contact\/"},"modified":"2026-02-18T01:38:50","modified_gmt":"2026-02-18T01:38:50","slug":"contacto","status":"publish","type":"page","link":"https:\/\/materialesyconcreto.com\/mx\/contacto\/","title":{"rendered":"Contacto"},"content":{"rendered":"<section class=\"bde-section-18-100 bde-section\">\n              \n  \n  \n\t\n\n  <div class=\"section-background-overlay\"><\/div>\n\n\n<div class=\"section-container\"><div class=\"bde-text-18-101 bde-text\" data-entrance=\"fade\">\ncontacto\n<\/div><div class=\"bde-fancy-divider-18-102 bde-fancy-divider\">\n\n\n<div class=\"bde-fancy-divider__wrapper\">\n  <div class=\"bde-fancy-divider__separator   \">\n  \t  <\/div>\n<\/div>\n\n<\/div><h1 class=\"bde-heading-18-103 bde-heading\" data-entrance=\"flipUp\">\nEstamos Listos para Suministrar Solidez a tu Obra.\n<\/h1><div class=\"bde-text-18-104 bde-text\" data-entrance=\"slideDown\">\nYa sea que necesites concreto para una nave industrial en Quer\u00e9taro o asesor\u00eda t\u00e9cnica en Torre\u00f3n, nuestro equipo est\u00e1 a un clic de distancia.\n<\/div><\/div>\n<\/section><section class=\"bde-section-18-105 bde-section\">\n  \n  \n\t\n\n\n\n<div class=\"section-container\"><div class=\"bde-columns-18-106 bde-columns\"><div class=\"bde-column-18-107 bde-column\" data-entrance=\"slideLeft\">\n  \n  \n\t\n\n\n\n<h2 class=\"bde-heading-18-109 bde-heading\">\nNo pierdas tiempo en conmutadores. \n<\/h2><div class=\"bde-text-18-110 bde-text\">\nHabla directamente con un especialista en log\u00edstica de concreto.\n<\/div><div class=\"bde-shortcode-18-125 bde-shortcode\"><div class='fluentform ff-default fluentform_wrapper_1 ffs_default_wrap'><form data-form_id=\"1\" id=\"fluentform_1\" class=\"frm-fluent-form fluent_form_1 ff-el-form-top ff_form_instance_1_1 ff-form-loading ffs_default\" data-form_instance=\"ff_form_instance_1_1\" method=\"POST\" ><fieldset  style=\"border: none!important;margin: 0!important;padding: 0!important;background-color: transparent!important;box-shadow: none!important;outline: none!important; min-inline-size: 100%;\">\n                    <legend class=\"ff_screen_reader_title\" style=\"display: block; margin: 0!important;padding: 0!important;height: 0!important;text-indent: -999999px;width: 0!important;overflow:hidden;\">Contact Form Demo<\/legend><input type='hidden' name='__fluent_form_embded_post_id' value='18' \/><input type=\"hidden\" id=\"_fluentform_1_fluentformnonce\" name=\"_fluentform_1_fluentformnonce\" value=\"25e33d0476\" \/><input type=\"hidden\" name=\"_wp_http_referer\" value=\"\/mx\/wp-json\/wp\/v2\/pages\/18\" \/><div data-type=\"name-element\" data-name=\"names\" class=\" ff-field_container ff-name-field-wrapper\" ><div class='ff-t-container'><div class='ff-t-cell '><div class='ff-el-group  ff-el-form-hide_label'><div class=\"ff-el-input--label asterisk-right\"><label for='ff_1_names_first_name_' id='label_ff_1_names_first_name_' >Primer nombre<\/label><\/div><div class='ff-el-input--content'><input type=\"text\" name=\"names[first_name]\" id=\"ff_1_names_first_name_\" class=\"ff-el-form-control\" placeholder=\"Primer nombre\" aria-invalid=\"false\" aria-required=false><\/div><\/div><\/div><div class='ff-t-cell '><div class='ff-el-group  ff-el-form-hide_label'><div class=\"ff-el-input--label asterisk-right\"><label for='ff_1_names_last_name_' id='label_ff_1_names_last_name_' >Segundo nombre<\/label><\/div><div class='ff-el-input--content'><input type=\"text\" name=\"names[last_name]\" id=\"ff_1_names_last_name_\" class=\"ff-el-form-control\" placeholder=\"Segundo nombre\" aria-invalid=\"false\" aria-required=false><\/div><\/div><\/div><\/div><\/div><div class='ff-el-group ff-el-form-hide_label'><div class=\"ff-el-input--label ff-el-is-required asterisk-right\"><label for='ff_1_email' id='label_ff_1_email' aria-label=\"Correo\">Correo<\/label><\/div><div class='ff-el-input--content'><input type=\"email\" name=\"email\" id=\"ff_1_email\" class=\"ff-el-form-control\" placeholder=\"Correo\" data-name=\"email\"  aria-invalid=\"false\" aria-required=true><\/div><\/div><div class='ff-el-group ff-el-form-hide_label  ff_list_buttons'><div class=\"ff-el-input--label ff-el-is-required asterisk-right\"><label   aria-label=\"Estado\">Estado<\/label><\/div><div class='ff-el-input--content'><div class='ff-el-form-check ff-el-form-check-'><label class='ff-el-form-check-label' for='input_radio_f7bcb7e8618ef3000c512d0518a83618'><input  type=\"radio\" name=\"input_radio\" data-name=\"input_radio\" class=\"ff-el-form-check-input ff-el-form-check-radio\" value=\"Quer\u00e9taro y Alrededores\"  id='input_radio_f7bcb7e8618ef3000c512d0518a83618' aria-label='Quer\u00e9taro y Alrededores' aria-invalid='false' aria-required=true> <span>Quer\u00e9taro y Alrededores<\/span><\/label><\/div><div class='ff-el-form-check ff-el-form-check-'><label class='ff-el-form-check-label' for='input_radio_016fb4adb6a27ab2636a37c61c38b1b6'><input  type=\"radio\" name=\"input_radio\" data-name=\"input_radio\" class=\"ff-el-form-check-input ff-el-form-check-radio\" value=\"Torre\u00f3n, Coahuila\"  id='input_radio_016fb4adb6a27ab2636a37c61c38b1b6' aria-label='Torre\u00f3n, Coahuila' aria-invalid='false' aria-required=true> <span>Torre\u00f3n, Coahuila<\/span><\/label><\/div><\/div><\/div><div class='ff-el-group ff-el-form-hide_label'><div class=\"ff-el-input--label ff-el-is-required asterisk-right\"><label for='ff_1_dropdown' id='label_ff_1_dropdown' aria-label=\"Interesado en\">Interesado en<\/label><\/div><div class='ff-el-input--content'><select name=\"dropdown\" id=\"ff_1_dropdown\" class=\"ff-el-form-control\" data-name=\"dropdown\" data-calc_value=\"0\"  aria-invalid=\"false\" aria-required=\"true\" aria-labelledby=\"label_ff_1_dropdown\"><option value=\"\">- Seleccionar-<\/option><option value=\"Suministro industrial\"  >Suministro industrial<\/option><option value=\"Servicio de bombeo\"  >Servicio de bombeo<\/option><option value=\"Venta de cemento a granel\"  >Venta de cemento a granel<\/option><option value=\"Materiales para construcci\u00f3n\"  >Materiales para construcci\u00f3n<\/option><\/select><\/div><\/div><div class='ff-el-group ff-el-form-hide_label'><div class=\"ff-el-input--label ff-el-is-required asterisk-right\"><label for='ff_1_message' id='label_ff_1_message' aria-label=\"Mensaje\">Mensaje<\/label><\/div><div class='ff-el-input--content'><textarea aria-required=\"true\" aria-labelledby=\"label_ff_1_message\" name=\"message\" id=\"ff_1_message\" class=\"ff-el-form-control\" placeholder=\"Escriba su mensaje\" rows=\"4\" cols=\"2\" data-name=\"message\" ><\/textarea><\/div><\/div><div class='ff-el-group ff-text-left ff_submit_btn_wrapper'><button type=\"submit\" class=\"ff-btn ff-btn-submit ff-btn-md bt-c ff_btn_style\"  aria-label=\"Enviar mensaje\">Enviar mensaje<\/button><\/div><\/fieldset><\/form><div id='fluentform_1_errors' class='ff-errors-in-stack ff_form_instance_1_1 ff-form-loading_errors ff_form_instance_1_1_errors'><\/div><\/div>            <script type=\"text\/javascript\">\n                window.fluent_form_ff_form_instance_1_1 = {\"id\":\"1\",\"settings\":{\"layout\":{\"labelPlacement\":\"top\",\"helpMessagePlacement\":\"with_label\",\"errorMessagePlacement\":\"inline\",\"cssClassName\":\"\",\"asteriskPlacement\":\"asterisk-right\"},\"restrictions\":{\"denyEmptySubmission\":{\"enabled\":false}}},\"form_instance\":\"ff_form_instance_1_1\",\"form_id_selector\":\"fluentform_1\",\"rules\":{\"names[first_name]\":{\"required\":{\"value\":false,\"message\":\"This field is required\",\"global\":false,\"global_message\":\"Este campo es obligatorio\"}},\"names[middle_name]\":{\"required\":{\"value\":false,\"message\":\"This field is required\",\"global\":false,\"global_message\":\"Este campo es obligatorio\"}},\"names[last_name]\":{\"required\":{\"value\":false,\"message\":\"This field is required\",\"global\":false,\"global_message\":\"Este campo es obligatorio\"}},\"email\":{\"required\":{\"value\":true,\"message\":\"This field is required\",\"global\":false,\"global_message\":\"Este campo es obligatorio\"},\"email\":{\"value\":true,\"message\":\"This field must contain a valid email\",\"global\":false,\"global_message\":\"Este campo debe contener un correo electr\\u00f3nico v\\u00e1lido\"}},\"input_radio\":{\"required\":{\"value\":true,\"message\":\"Este campo es obligatorio\",\"global_message\":\"Este campo es obligatorio\",\"global\":true}},\"dropdown\":{\"required\":{\"value\":true,\"message\":\"Este campo es obligatorio\",\"global_message\":\"Este campo es obligatorio\",\"global\":true}},\"message\":{\"required\":{\"value\":true,\"message\":\"This field is required\",\"global\":false,\"global_message\":\"Este campo es obligatorio\"}}},\"debounce_time\":300};\n                            <\/script>\n            <\/div>\n<\/div><div class=\"bde-column-18-108 bde-column\">\n  \n  \n\t\n\n\n\n<div class=\"bde-google-map-18-112 bde-google-map breakdance-free-version-frontend-element-hider\" data-entrance=\"slideRight\">\r\n<iframe width=\"100%\" height=\"100%\" style=\"border:0\" loading=\"lazy\" title=\"Map\" src=\"https:\/\/maps.google.com\/maps?q=queretaro&t=m&z=14&output=embed&iwloc=near\" allowfullscreen><\/iframe>\n<\/div>\n<\/div><\/div><\/div>\n<\/section><section class=\"bde-section-18-118 bde-section\">\n              \n  \n  \n\t\n\n  <div class=\"section-background-overlay\"><\/div>\n\n\n<div class=\"section-container\"><div class=\"bde-icon-box-18-120 bde-icon-box\" data-entrance=\"zoomIn\">\n\n    \n            <div class=\"ee-iconbox-icon breakdance-icon-atom\" >\n    \n                    <svg xmlns=\"http:\/\/www.w3.org\/2000\/svg\" width=\"18\" height=\"19\" viewBox=\"0 0 18 19\" fill=\"none\">\r\n<path d=\"M9.33233 10.7178C9.68067 10.7178 10.0256 10.6491 10.3474 10.5158C10.6693 10.3825 10.9617 10.1871 11.208 9.94081C11.4543 9.69449 11.6497 9.40207 11.783 9.08023C11.9164 8.7584 11.985 8.41346 11.985 8.06511C11.985 7.71676 11.9164 7.37183 11.783 7.04999C11.6497 6.72816 11.4543 6.43574 11.208 6.18941C10.9617 5.94309 10.6693 5.7477 10.3474 5.6144C10.0256 5.48109 9.68067 5.41248 9.33233 5.41248C8.6288 5.41248 7.95409 5.69195 7.45663 6.18941C6.95916 6.68688 6.67969 7.36159 6.67969 8.06511C6.67969 8.76864 6.95916 9.44335 7.45663 9.94081C7.95409 10.4383 8.6288 10.7178 9.33233 10.7178Z\" stroke=\"#1D1D1D\" stroke-width=\"2\"\/>\r\n<path d=\"M2.20639 6.51783C3.88129 -0.844942 14.7894 -0.836439 16.4558 6.52633C17.4336 10.8454 14.7469 14.5012 12.3918 16.7628C11.5689 17.5565 10.4702 18 9.32685 18C8.18354 18 7.0848 17.5565 6.26187 16.7628C3.9153 14.5012 1.22866 10.8369 2.20639 6.51783Z\" stroke=\"#1D1D1D\" stroke-width=\"2\"\/>\r\n<\/svg>\n        \n        \n        \n            <\/div>\n    \n\n<div class=\"ee-iconbox-content\">\n      <h3 class=\"ee-iconbox-title bde-h3\" >Quer\u00e9taro y Alrededores:<\/h3>\n        <div class=\"ee-iconbox-text\" >Tel\u00e9fono: (+52) 442 547 2269.<\/div>\n            \n                        \n                        \n    \n    \n    \n    \n            \n            <button type=\"button\" class=\"button-atom button-atom--custom ee-iconbox-button\"  >\n    \n        <span class=\"button-atom__text\">Llamar ahora<\/span>\n\n        \n        \n            <\/button>\n    \n\n  <\/div>\n\n<\/div><div class=\"bde-icon-box-18-124 bde-icon-box\" data-entrance=\"zoomOut\">\n\n    \n            <div class=\"ee-iconbox-icon breakdance-icon-atom\" >\n    \n                    <svg xmlns=\"http:\/\/www.w3.org\/2000\/svg\" width=\"18\" height=\"19\" viewBox=\"0 0 18 19\" fill=\"none\">\r\n<path d=\"M9.33233 10.7178C9.68067 10.7178 10.0256 10.6491 10.3474 10.5158C10.6693 10.3825 10.9617 10.1871 11.208 9.94081C11.4543 9.69449 11.6497 9.40207 11.783 9.08023C11.9164 8.7584 11.985 8.41346 11.985 8.06511C11.985 7.71676 11.9164 7.37183 11.783 7.04999C11.6497 6.72816 11.4543 6.43574 11.208 6.18941C10.9617 5.94309 10.6693 5.7477 10.3474 5.6144C10.0256 5.48109 9.68067 5.41248 9.33233 5.41248C8.6288 5.41248 7.95409 5.69195 7.45663 6.18941C6.95916 6.68688 6.67969 7.36159 6.67969 8.06511C6.67969 8.76864 6.95916 9.44335 7.45663 9.94081C7.95409 10.4383 8.6288 10.7178 9.33233 10.7178Z\" stroke=\"#1D1D1D\" stroke-width=\"2\"\/>\r\n<path d=\"M2.20639 6.51783C3.88129 -0.844942 14.7894 -0.836439 16.4558 6.52633C17.4336 10.8454 14.7469 14.5012 12.3918 16.7628C11.5689 17.5565 10.4702 18 9.32685 18C8.18354 18 7.0848 17.5565 6.26187 16.7628C3.9153 14.5012 1.22866 10.8369 2.20639 6.51783Z\" stroke=\"#1D1D1D\" stroke-width=\"2\"\/>\r\n<\/svg>\n        \n        \n        \n            <\/div>\n    \n\n<div class=\"ee-iconbox-content\">\n      <h3 class=\"ee-iconbox-title bde-h3\" >Torre\u00f3n, Coahuila<\/h3>\n        <div class=\"ee-iconbox-text\" >Tel\u00e9fono: (+52) 871 332 5749.<\/div>\n            \n                        \n                        \n    \n    \n    \n    \n            \n            <button type=\"button\" class=\"button-atom button-atom--custom ee-iconbox-button\"  >\n    \n        <span class=\"button-atom__text\">Llamar ahora<\/span>\n\n        \n        \n            <\/button>\n    \n\n  <\/div>\n\n<\/div><\/div>\n<\/section>","protected":false},"excerpt":{"rendered":"<p>contacto Estamos Listos para Suministrar Solidez a tu Obra. Ya sea que necesites concreto para una nave industrial en Quer\u00e9taro o asesor\u00eda t\u00e9cnica en Torre\u00f3n, nuestro equipo est\u00e1 a un clic de distancia. No pierdas tiempo en conmutadores. Habla directamente con un especialista en log\u00edstica de concreto. Contact Form DemoPrimer nombreSegundo nombreCorreoEstado Quer\u00e9taro y Alrededores [&hellip;]<\/p>\n","protected":false},"author":1,"featured_media":0,"parent":0,"menu_order":0,"comment_status":"closed","ping_status":"closed","template":"","meta":{"_breakdance_hide_in_design_set":false,"_breakdance_tags":"","footnotes":""},"class_list":["post-18","page","type-page","status-publish","hentry"],"_links":{"self":[{"href":"https:\/\/materialesyconcreto.com\/mx\/wp-json\/wp\/v2\/pages\/18","targetHints":{"allow":["GET"]}}],"collection":[{"href":"https:\/\/materialesyconcreto.com\/mx\/wp-json\/wp\/v2\/pages"}],"about":[{"href":"https:\/\/materialesyconcreto.com\/mx\/wp-json\/wp\/v2\/types\/page"}],"author":[{"embeddable":true,"href":"https:\/\/materialesyconcreto.com\/mx\/wp-json\/wp\/v2\/users\/1"}],"replies":[{"embeddable":true,"href":"https:\/\/materialesyconcreto.com\/mx\/wp-json\/wp\/v2\/comments?post=18"}],"version-history":[{"count":18,"href":"https:\/\/materialesyconcreto.com\/mx\/wp-json\/wp\/v2\/pages\/18\/revisions"}],"predecessor-version":[{"id":343,"href":"https:\/\/materialesyconcreto.com\/mx\/wp-json\/wp\/v2\/pages\/18\/revisions\/343"}],"wp:attachment":[{"href":"https:\/\/materialesyconcreto.com\/mx\/wp-json\/wp\/v2\/media?parent=18"}],"curies":[{"name":"wp","href":"https:\/\/api.w.org\/{rel}","templated":true}]}}