{"id":244,"date":"2026-02-17T15:38:56","date_gmt":"2026-02-17T15:38:56","guid":{"rendered":"https:\/\/materialesyconcreto.com\/mx\/?page_id=244"},"modified":"2026-02-18T01:31:45","modified_gmt":"2026-02-18T01:31:45","slug":"blog","status":"publish","type":"page","link":"https:\/\/materialesyconcreto.com\/mx\/blog\/","title":{"rendered":"Blog"},"content":{"rendered":"<section class=\"bde-section-244-111 bde-section\">\n              \n  \n  \n\t\n\n  <div class=\"section-background-overlay\"><\/div>\n\n\n<div class=\"section-container\"><div class=\"bde-text-244-112 bde-text\">\nblog\n<\/div><div class=\"bde-fancy-divider-244-113 bde-fancy-divider\">\n\n\n<div class=\"bde-fancy-divider__wrapper\">\n  <div class=\"bde-fancy-divider__separator   \">\n  \t  <\/div>\n<\/div>\n\n<\/div><h1 class=\"bde-heading-244-114 bde-heading\">\nActualidad y Gu\u00edas T\u00e9cnicas de Construcci\u00f3n.\n<\/h1><div class=\"bde-text-244-115 bde-text\">\nMantente al d\u00eda con las mejores pr\u00e1cticas en el uso de concreto premezclado, log\u00edstica de obra y normativas del sector.\n<\/div><\/div>\n<\/section><section class=\"bde-section-244-104 bde-section\">\n  \n  \n\t\n\n\n\n<div class=\"section-container\"><div class=\"bde-div-244-105 bde-div\">\n  \n  \n\t\n\n\n\n<div class=\"bde-div-244-106 bde-div\">\n  \n  \n\t\n\n\n\n<div class=\"bde-text-244-107 bde-text\">\nUltimos articulos\n<\/div><h2 class=\"bde-heading-244-108 bde-heading\">\nActualidad y Gu\u00edas T\u00e9cnicas de Construcci\u00f3n\n<\/h2>\n<\/div>\n<\/div><div class=\"bde-post-list-244-110 bde-post-list\"><div class=\"bde-loop bde-loop-grid ee-posts ee-posts-grid\">    <article class=\"bde-loop-item ee-post\">\n                                <a class=\"bde-loop-item__image-link ee-post-image-link bde-loop-item__image-top ee-posts-image-top\" href=\"https:\/\/materialesyconcreto.com\/mx\/estrategias-financieras-maximizando-la-rentabilidad-con-credito-directo\/\" aria-label=\"Estrategias Financieras: Maximizando la Rentabilidad con Cr\u00e9dito Directo\">\n                <div class=\"bde-loop-item__image ee-post-image\">\n                    <img loading=\"lazy\" decoding=\"async\" width=\"1000\" height=\"667\" src=\"https:\/\/materialesyconcreto.com\/mx\/wp-content\/uploads\/2026\/02\/2150461357.jpg\" class=\"attachment-full size-full wp-post-image\" alt=\"\" srcset=\"https:\/\/materialesyconcreto.com\/mx\/wp-content\/uploads\/2026\/02\/2150461357.jpg 1000w, https:\/\/materialesyconcreto.com\/mx\/wp-content\/uploads\/2026\/02\/2150461357-300x200.jpg 300w, https:\/\/materialesyconcreto.com\/mx\/wp-content\/uploads\/2026\/02\/2150461357-768x512.jpg 768w\" sizes=\"auto, (max-width: 1000px) 100vw, 1000px\" \/>                <\/div>\n            <\/a>\n        \n        \n        <div class=\"bde-loop-item__wrap ee-post-wrap\">\n            \n                            <h3 class=\"ee-post-title\">\n                    <a class=\"bde-loop-item__title-link ee-post-title-link\" href=\"https:\/\/materialesyconcreto.com\/mx\/estrategias-financieras-maximizando-la-rentabilidad-con-credito-directo\/\" >\n                        Estrategias Financieras: Maximizando la Rentabilidad con Cr\u00e9dito Directo                    <\/a>\n                <\/h3>\n                            <div class=\"bde-loop-item__post-meta ee-post-meta\">\n                                                                                <span class=\"bde-loop-item__meta-date bde-loop-item__meta-item ee-post-meta-date ee-post-meta-item\">\n                                    febrero 17, 2026                                <\/span>\n                                                \n                <\/div>\n                            <div class=\"bde-loop-item__content ee-post-content\">\n                    Introducci\u00f3n: En el din\u00e1mico mundo de la construcci\u00f3n en Quer\u00e9taro y Torre\u00f3n, la capacidad de&hellip;                <\/div>\n            \n    \n                        \n                        \n    \n    \n    \n    \n            \n                    \n            \n            \n\n    \n    \n    \n    \n    \n    <a class=\"breakdance-link button-atom button-atom--text bde-loop-item__button ee-post-button\" href=\"https:\/\/materialesyconcreto.com\/mx\/estrategias-financieras-maximizando-la-rentabilidad-con-credito-directo\/\" target=\"_self\" data-type=\"\"  >\n\n    \n        <span class=\"button-atom__text\">continuar <\/span>\n\n        \n        \n                <\/a>\n\n    \n\n\n\n\n            \n        <\/div>\n\n    <\/article>\n\n    <article class=\"bde-loop-item ee-post\">\n                                <a class=\"bde-loop-item__image-link ee-post-image-link bde-loop-item__image-top ee-posts-image-top\" href=\"https:\/\/materialesyconcreto.com\/mx\/guia-tecnica-como-elegir-el-fc-ideal-para-tu-estructura\/\" aria-label=\"Gu\u00eda T\u00e9cnica: \u00bfC\u00f3mo Elegir el f\u2019c Ideal para tu Estructura?\">\n                <div class=\"bde-loop-item__image ee-post-image\">\n                    <img loading=\"lazy\" decoding=\"async\" width=\"1000\" height=\"667\" src=\"https:\/\/materialesyconcreto.com\/mx\/wp-content\/uploads\/2026\/02\/15677.jpg\" class=\"attachment-full size-full wp-post-image\" alt=\"\" srcset=\"https:\/\/materialesyconcreto.com\/mx\/wp-content\/uploads\/2026\/02\/15677.jpg 1000w, https:\/\/materialesyconcreto.com\/mx\/wp-content\/uploads\/2026\/02\/15677-300x200.jpg 300w, https:\/\/materialesyconcreto.com\/mx\/wp-content\/uploads\/2026\/02\/15677-768x512.jpg 768w\" sizes=\"auto, (max-width: 1000px) 100vw, 1000px\" \/>                <\/div>\n            <\/a>\n        \n        \n        <div class=\"bde-loop-item__wrap ee-post-wrap\">\n            \n                            <h3 class=\"ee-post-title\">\n                    <a class=\"bde-loop-item__title-link ee-post-title-link\" href=\"https:\/\/materialesyconcreto.com\/mx\/guia-tecnica-como-elegir-el-fc-ideal-para-tu-estructura\/\" >\n                        Gu\u00eda T\u00e9cnica: \u00bfC\u00f3mo Elegir el f\u2019c Ideal para tu Estructura?                    <\/a>\n                <\/h3>\n                            <div class=\"bde-loop-item__post-meta ee-post-meta\">\n                                                                                <span class=\"bde-loop-item__meta-date bde-loop-item__meta-item ee-post-meta-date ee-post-meta-item\">\n                                    febrero 17, 2026                                <\/span>\n                                                \n                <\/div>\n                            <div class=\"bde-loop-item__content ee-post-content\">\n                    Introducci\u00f3n: Una de las preguntas m\u00e1s frecuentes entre maestros de obra y due\u00f1os de casa&hellip;                <\/div>\n            \n    \n                        \n                        \n    \n    \n    \n    \n            \n                    \n            \n            \n\n    \n    \n    \n    \n    \n    <a class=\"breakdance-link button-atom button-atom--text bde-loop-item__button ee-post-button\" href=\"https:\/\/materialesyconcreto.com\/mx\/guia-tecnica-como-elegir-el-fc-ideal-para-tu-estructura\/\" target=\"_self\" data-type=\"\"  >\n\n    \n        <span class=\"button-atom__text\">continuar <\/span>\n\n        \n        \n                <\/a>\n\n    \n\n\n\n\n            \n        <\/div>\n\n    <\/article>\n\n    <article class=\"bde-loop-item ee-post\">\n                                <a class=\"bde-loop-item__image-link ee-post-image-link bde-loop-item__image-top ee-posts-image-top\" href=\"https:\/\/materialesyconcreto.com\/mx\/hello-world\/\" aria-label=\"Log\u00edstica de Precisi\u00f3n: El \u00c9xito en el Suministro para Naves Industriales\">\n                <div class=\"bde-loop-item__image ee-post-image\">\n                    <img loading=\"lazy\" decoding=\"async\" width=\"1000\" height=\"667\" src=\"https:\/\/materialesyconcreto.com\/mx\/wp-content\/uploads\/2026\/02\/129608.jpg\" class=\"attachment-full size-full wp-post-image\" alt=\"\" srcset=\"https:\/\/materialesyconcreto.com\/mx\/wp-content\/uploads\/2026\/02\/129608.jpg 1000w, https:\/\/materialesyconcreto.com\/mx\/wp-content\/uploads\/2026\/02\/129608-300x200.jpg 300w, https:\/\/materialesyconcreto.com\/mx\/wp-content\/uploads\/2026\/02\/129608-768x512.jpg 768w\" sizes=\"auto, (max-width: 1000px) 100vw, 1000px\" \/>                <\/div>\n            <\/a>\n        \n        \n        <div class=\"bde-loop-item__wrap ee-post-wrap\">\n            \n                            <h3 class=\"ee-post-title\">\n                    <a class=\"bde-loop-item__title-link ee-post-title-link\" href=\"https:\/\/materialesyconcreto.com\/mx\/hello-world\/\" >\n                        Log\u00edstica de Precisi\u00f3n: El \u00c9xito en el Suministro para Naves Industriales                    <\/a>\n                <\/h3>\n                            <div class=\"bde-loop-item__post-meta ee-post-meta\">\n                                                                                <span class=\"bde-loop-item__meta-date bde-loop-item__meta-item ee-post-meta-date ee-post-meta-item\">\n                                    febrero 14, 2026                                <\/span>\n                                                \n                <\/div>\n                            <div class=\"bde-loop-item__content ee-post-content\">\n                    Introducci\u00f3n: En el sector de la construcci\u00f3n industrial, el margen de error es m\u00ednimo. El&hellip;                <\/div>\n            \n    \n                        \n                        \n    \n    \n    \n    \n            \n                    \n            \n            \n\n    \n    \n    \n    \n    \n    <a class=\"breakdance-link button-atom button-atom--text bde-loop-item__button ee-post-button\" href=\"https:\/\/materialesyconcreto.com\/mx\/hello-world\/\" target=\"_self\" data-type=\"\"  >\n\n    \n        <span class=\"button-atom__text\">continuar <\/span>\n\n        \n        \n                <\/a>\n\n    \n\n\n\n\n            \n        <\/div>\n\n    <\/article>\n\n<\/div><\/div><\/div>\n<\/section>","protected":false},"excerpt":{"rendered":"","protected":false},"author":1,"featured_media":0,"parent":0,"menu_order":0,"comment_status":"closed","ping_status":"closed","template":"","meta":{"_breakdance_hide_in_design_set":false,"_breakdance_tags":"","footnotes":""},"class_list":["post-244","page","type-page","status-publish","hentry"],"_links":{"self":[{"href":"https:\/\/materialesyconcreto.com\/mx\/wp-json\/wp\/v2\/pages\/244","targetHints":{"allow":["GET"]}}],"collection":[{"href":"https:\/\/materialesyconcreto.com\/mx\/wp-json\/wp\/v2\/pages"}],"about":[{"href":"https:\/\/materialesyconcreto.com\/mx\/wp-json\/wp\/v2\/types\/page"}],"author":[{"embeddable":true,"href":"https:\/\/materialesyconcreto.com\/mx\/wp-json\/wp\/v2\/users\/1"}],"replies":[{"embeddable":true,"href":"https:\/\/materialesyconcreto.com\/mx\/wp-json\/wp\/v2\/comments?post=244"}],"version-history":[{"count":6,"href":"https:\/\/materialesyconcreto.com\/mx\/wp-json\/wp\/v2\/pages\/244\/revisions"}],"predecessor-version":[{"id":338,"href":"https:\/\/materialesyconcreto.com\/mx\/wp-json\/wp\/v2\/pages\/244\/revisions\/338"}],"wp:attachment":[{"href":"https:\/\/materialesyconcreto.com\/mx\/wp-json\/wp\/v2\/media?parent=244"}],"curies":[{"name":"wp","href":"https:\/\/api.w.org\/{rel}","templated":true}]}}